{"id":2,"date":"2016-05-10T03:48:21","date_gmt":"2016-05-10T03:48:21","guid":{"rendered":"http:\/\/smc-brensbach.de\/?page_id=2"},"modified":"2024-08-28T22:01:34","modified_gmt":"2024-08-28T21:01:34","slug":"sample-page","status":"publish","type":"page","link":"http:\/\/www.smc-brensbach.de\/?page_id=2","title":{"rendered":"AKTUELLES"},"content":{"rendered":"\n<h2 class=\"wp-block-heading\"><strong>Modellschiff-Tag im Freibad<\/strong> <strong>Reinheim<\/strong><\/h2>\n\n\n\n<p class=\"has-text-align-left\">Am<strong> Samstag, den 14. September, von 11 bis 15 Uhr<\/strong>, l\u00e4dt der Schiffsmodellclub Brensbach gemeinsam mit befreundeten Modellbauern zu einem besonderen Event ins<strong> Freibad Reinheim<\/strong> ein. Erleben Sie hautnah die faszinierende Welt der Schiffsmodelle: Von stilvollen Motoryachten \u00fcber elegante Segelboote und kr\u00e4ftigen Schlepper bis hin zu Dampfschiffen, U-Booten und rasanten Schnellbooten \u2013 zahlreiche Modelle werden auf dem Wasser in Aktion pr\u00e4sentiert.<\/p>\n\n\n\n<figure class=\"wp-block-image aligncenter size-large\"><img fetchpriority=\"high\" decoding=\"async\" width=\"1024\" height=\"683\" src=\"http:\/\/www.smc-brensbach.de\/wp-content\/uploads\/2024\/08\/IMG_1917-1024x683.jpg\" alt=\"\" class=\"wp-image-1909\" srcset=\"http:\/\/www.smc-brensbach.de\/wp-content\/uploads\/2024\/08\/IMG_1917-1024x683.jpg 1024w, http:\/\/www.smc-brensbach.de\/wp-content\/uploads\/2024\/08\/IMG_1917-300x200.jpg 300w, http:\/\/www.smc-brensbach.de\/wp-content\/uploads\/2024\/08\/IMG_1917-768x512.jpg 768w, http:\/\/www.smc-brensbach.de\/wp-content\/uploads\/2024\/08\/IMG_1917-1536x1024.jpg 1536w, http:\/\/www.smc-brensbach.de\/wp-content\/uploads\/2024\/08\/IMG_1917-2048x1365.jpg 2048w\" sizes=\"(max-width: 1024px) 100vw, 1024px\" \/><\/figure>\n\n\n\n<p>Nutzen Sie die Gelegenheit, mit den Erbauern ins Gespr\u00e4ch zu kommen und mehr \u00fcber die Geschichten hinter den Modellen und die Leidenschaft f\u00fcr den Modellbau zu erfahren. Der Kiosk des Freibads hat ge\u00f6ffnet, jedoch ist an diesem Tag kein Badebetrieb m\u00f6glich.<\/p>\n\n\n\n<p><\/p>\n\n\n<h2>Allgemeine Aktivit\u00e4ten<\/h2>\n<p>\u00dcber die Sommermonate treffen wir uns Dienstag Nachmittags und am ersten Sonntag jeden Monat am See. Bei Lust und Laune auch schon mal mit Grill und Familie.<\/p>\n<p>In den Wintermonaten oder bei schlechtem Wetter treffen wir uns Dienstag Abends in unserem Vereinsheim zum gemeinsamen Modellbauen und Fachsimpeln.<\/p>\n<p>Dann besuchen wir (nach Absprache) auch Veranstaltungen anderer Modellbau-Vereine.<\/p>\n<p>Und auch wenn es <strong>Schiffs-<\/strong>Modell-Club hei\u00dft, wir haben auch Flieger, Autos, LKWs, Radlader und vieles mehr.<\/p>\n<p>\u00a0<\/p>","protected":false},"excerpt":{"rendered":"<p>Modellschiff-Tag im Freibad Reinheim Am Samstag, den 14. September, von 11 bis 15 Uhr, l\u00e4dt der Schiffsmodellclub Brensbach gemeinsam mit befreundeten Modellbauern zu einem besonderen Event ins Freibad Reinheim ein. Erleben Sie hautnah die faszinierende Welt der Schiffsmodelle: Von stilvollen Motoryachten \u00fcber elegante Segelboote und kr\u00e4ftigen Schlepper bis hin zu Dampfschiffen, U-Booten und rasanten Schnellbooten [&hellip;]<\/p>\n","protected":false},"author":1,"featured_media":0,"parent":0,"menu_order":0,"comment_status":"closed","ping_status":"closed","template":"","meta":{"zakra_page_container_layout":"centered","zakra_page_sidebar_layout":"no_sidebar","zakra_remove_content_margin":false,"zakra_sidebar":"customizer","zakra_transparent_header":"customizer","zakra_logo":0,"zakra_main_header_style":"default","zakra_menu_item_color":"","zakra_menu_item_hover_color":"","zakra_menu_item_active_color":"","zakra_menu_active_style":"","zakra_page_header":true,"footnotes":""},"class_list":["post-2","page","type-page","status-publish","hentry"],"_links":{"self":[{"href":"http:\/\/www.smc-brensbach.de\/index.php?rest_route=\/wp\/v2\/pages\/2","targetHints":{"allow":["GET"]}}],"collection":[{"href":"http:\/\/www.smc-brensbach.de\/index.php?rest_route=\/wp\/v2\/pages"}],"about":[{"href":"http:\/\/www.smc-brensbach.de\/index.php?rest_route=\/wp\/v2\/types\/page"}],"author":[{"embeddable":true,"href":"http:\/\/www.smc-brensbach.de\/index.php?rest_route=\/wp\/v2\/users\/1"}],"replies":[{"embeddable":true,"href":"http:\/\/www.smc-brensbach.de\/index.php?rest_route=%2Fwp%2Fv2%2Fcomments&post=2"}],"version-history":[{"count":27,"href":"http:\/\/www.smc-brensbach.de\/index.php?rest_route=\/wp\/v2\/pages\/2\/revisions"}],"predecessor-version":[{"id":1915,"href":"http:\/\/www.smc-brensbach.de\/index.php?rest_route=\/wp\/v2\/pages\/2\/revisions\/1915"}],"wp:attachment":[{"href":"http:\/\/www.smc-brensbach.de\/index.php?rest_route=%2Fwp%2Fv2%2Fmedia&parent=2"}],"curies":[{"name":"wp","href":"https:\/\/api.w.org\/{rel}","templated":true}]}}